{"id":7,"date":"2015-05-30T18:16:06","date_gmt":"2015-05-30T16:16:06","guid":{"rendered":"http:\/\/linedance-wittenbach.ch\/web\/?page_id=7"},"modified":"2026-03-20T10:56:59","modified_gmt":"2026-03-20T09:56:59","slug":"trainingsdaten","status":"publish","type":"page","link":"https:\/\/linedance-wittenbach.ch\/web\/trainingsdaten\/","title":{"rendered":"Trainingsdaten"},"content":{"rendered":"<p style=\"text-align: justify;\"><iframe loading=\"lazy\" style=\"border: 0;\" src=\"https:\/\/www.google.com\/maps\/embed?pb=!1m18!1m12!1m3!1d1348.7150973211913!2d9.382117806188994!3d47.462045693687315!2m3!1f0!2f0!3f0!3m2!1i1024!2i768!4f13.1!3m3!1m2!1s0x479b1dde419a5527%3A0x5ac514e51312193!2sRegionale+Oberstufenschul-+gemeinde!5e0!3m2!1sde!2sch!4v1433101785069\" width=\"100%\" height=\"300\" frameborder=\"0\"><\/iframe><\/p>\n<p>Wir trainieren am Donnerstag Abend in der Aula des Oberstufenzentrum Gr\u00fcnau.<br \/>\nW\u00e4hrend den Schulferien finden eventuell keine Trainings statt!<\/p>\n<p>Unsere speziellen Tanzaktivit\u00e4ten findet ihr unter der Rubrik:<br \/>\n-&gt; Mehr \/<strong><span style=\"text-decoration: underline;\"> <a href=\"https:\/\/linedance-wittenbach.ch\/web\/spezialprogramm\/\">Spezialprogramm<\/a><\/span><\/strong>.<\/p>\n<p>Dies sind die <strong>normalen Trainingszeiten<\/strong>, Abweichungen sind weiter unten erw\u00e4hnt:<br \/>\nf\u00fcr Beginner:\u00a0 \u00a0 \u00a0 \u00a0 \u00a0 \u00a0 \u00a0 \u00a0 \u00a019:00 &#8211; 19:40 Uhr<br \/>\nf\u00fcr Anf\u00e4nger:\u00a0 \u00a0 \u00a0 \u00a0 \u00a0 \u00a0 \u00a0 \u00a0 \u00a019:45 &#8211; 20:30 Uhr<br \/>\nf\u00fcr Fortgeschrittene:\u00a0 \u00a020:40 &#8211; 21:30 Uhr<\/p>\n<hr \/>\n<p><strong>spezielle Termine:<\/strong><\/p>\n<p>26.M\u00e4rz 2026:\u00a0 Unser Training findet ausnahmsweise im Singsaal, Schulstrasse 4, 9300 Wittenbach statt. Die Aula ist besetzt.<br \/>\nBeginn und Ablauf wie immer\u00a0 \u00a0 \ud83d\ude09<\/p>\n<p><iframe loading=\"lazy\" style=\"border: 0;\" src=\"https:\/\/www.google.com\/maps\/embed?pb=!1m18!1m12!1m3!1d1348.8289747308713!2d9.397053572459379!3d47.457606690733115!2m3!1f0!2f0!3f0!3m2!1i1024!2i768!4f13.1!3m3!1m2!1s0x479b1dd600adcd2f%3A0x536270b7355fdebe!2sSchulstrasse%204%2C%209300%20Wittenbach!5e0!3m2!1sde!2sch!4v1774000497350!5m2!1sde!2sch\" width=\"600\" height=\"450\" allowfullscreen=\"allowfullscreen\"><\/iframe><\/p>\n<hr \/>\n","protected":false},"excerpt":{"rendered":"<p>Wir trainieren am Donnerstag Abend in der Aula des Oberstufenzentrum Gr\u00fcnau. W\u00e4hrend den Schulferien finden eventuell keine Trainings statt! Unsere speziellen Tanzaktivit\u00e4ten findet ihr unter der Rubrik: -&gt; Mehr \/ Spezialprogramm. Dies sind die normalen Trainingszeiten, Abweichungen sind weiter unten erw\u00e4hnt: f\u00fcr Beginner:\u00a0 \u00a0 \u00a0 \u00a0 \u00a0 \u00a0 \u00a0 \u00a0 \u00a019:00 &#8211; 19:40 Uhr f\u00fcr [&hellip;]<\/p>\n","protected":false},"author":1,"featured_media":0,"parent":0,"menu_order":0,"comment_status":"open","ping_status":"open","template":"","meta":{"footnotes":""},"class_list":["post-7","page","type-page","status-publish","hentry","gallery-content-unit"],"_links":{"self":[{"href":"https:\/\/linedance-wittenbach.ch\/web\/wp-json\/wp\/v2\/pages\/7","targetHints":{"allow":["GET"]}}],"collection":[{"href":"https:\/\/linedance-wittenbach.ch\/web\/wp-json\/wp\/v2\/pages"}],"about":[{"href":"https:\/\/linedance-wittenbach.ch\/web\/wp-json\/wp\/v2\/types\/page"}],"author":[{"embeddable":true,"href":"https:\/\/linedance-wittenbach.ch\/web\/wp-json\/wp\/v2\/users\/1"}],"replies":[{"embeddable":true,"href":"https:\/\/linedance-wittenbach.ch\/web\/wp-json\/wp\/v2\/comments?post=7"}],"version-history":[{"count":299,"href":"https:\/\/linedance-wittenbach.ch\/web\/wp-json\/wp\/v2\/pages\/7\/revisions"}],"predecessor-version":[{"id":3589,"href":"https:\/\/linedance-wittenbach.ch\/web\/wp-json\/wp\/v2\/pages\/7\/revisions\/3589"}],"wp:attachment":[{"href":"https:\/\/linedance-wittenbach.ch\/web\/wp-json\/wp\/v2\/media?parent=7"}],"curies":[{"name":"wp","href":"https:\/\/api.w.org\/{rel}","templated":true}]}}