{"id":3230,"date":"2025-02-26T09:47:40","date_gmt":"2025-02-26T08:47:40","guid":{"rendered":"https:\/\/linedance-wittenbach.ch\/web\/?page_id=3230"},"modified":"2025-03-29T17:44:59","modified_gmt":"2025-03-29T16:44:59","slug":"jubi","status":"publish","type":"page","link":"https:\/\/linedance-wittenbach.ch\/web\/jubi\/","title":{"rendered":"Wir feinern unser 10-Jahr Jubil\u00e4um !!"},"content":{"rendered":"<table style=\"border-collapse: collapse; width: 100%;\">\n<tbody>\n<tr>\n<td style=\"width: 99.9999%;\" colspan=\"3\">\n<hr \/>\n<p><strong><span style=\"font-size: 14pt;\">Liebe Linedance Freunde &#8211; und jene, die es werden m\u00f6chten<\/span><\/strong><\/p>\n<p>Unser Linedance Verein Wittenbach wird 10 Jahre alt. Was 2015 bei &#8222;Wittenbach bewegt&#8220; entstand, fand bei der Bev\u00f6lkerung grossen Anklang und verlangte nach MEHR!<\/p>\n<p>So setzten sich Ursi Staub und Brigitte Gemperle zusammen und gr\u00fcndeten den Verein Linedance Wittenbach. Was spontan begann, hat sich zu etwas Grossartigem entwickelt.\u00a0 Seit 10 Jahren trainieren wir jeden Donnerstag und haben bis heute schon \u00fcber 100 T\u00e4nze gelernt. Das muss gefeiert werden!<\/p>\n<p><span style=\"text-decoration: underline; font-size: 14pt;\"><em><strong>Samstag, 21. Juni 2025 ab 17:00 Uhr im Restaurant Erlenholz<\/strong><\/em><\/span><\/p>\n<p><strong>Unser Moto:\u00a0 Fiir au du mit \u00fcs !<\/strong><\/p>\n<p>Wir freuen uns auf einen gem\u00fctlichen Abend mit vielen Vereinsmitgliedern, deren G\u00e4ste und mit allen Linedance-Begeisterten.<\/p>\n<p>Wenn du also mit uns feiern m\u00f6chtest, dann kommt doch vorbei.<\/p>\n<p>Ab 19:30h spielt Wolf (Wolfgang R\u00e4bsamen) live zum Linedance auf.<br \/>\nBrigitte Gemperle wird am Abend einen Workshop durchf\u00fchren. Es d\u00fcrfen soviele mitmachen, wie Platz auf der Tanzfl\u00e4che vorhanden ist&#8230;\u00a0 \ud83d\ude09<\/p>\n<p><a href=\"https:\/\/linedance-wittenbach.ch\/web\/wp-content\/uploads\/2025\/02\/IMG_4437-2.jpg\"><img loading=\"lazy\" decoding=\"async\" class=\"alignnone size-full wp-image-3201\" src=\"https:\/\/linedance-wittenbach.ch\/web\/wp-content\/uploads\/2025\/02\/IMG_4437-2.jpg\" alt=\"\" width=\"1805\" height=\"1035\" srcset=\"https:\/\/linedance-wittenbach.ch\/web\/wp-content\/uploads\/2025\/02\/IMG_4437-2.jpg 1805w, https:\/\/linedance-wittenbach.ch\/web\/wp-content\/uploads\/2025\/02\/IMG_4437-2-300x172.jpg 300w, https:\/\/linedance-wittenbach.ch\/web\/wp-content\/uploads\/2025\/02\/IMG_4437-2-1024x587.jpg 1024w, https:\/\/linedance-wittenbach.ch\/web\/wp-content\/uploads\/2025\/02\/IMG_4437-2-768x440.jpg 768w, https:\/\/linedance-wittenbach.ch\/web\/wp-content\/uploads\/2025\/02\/IMG_4437-2-1536x881.jpg 1536w\" sizes=\"auto, (max-width: 1805px) 100vw, 1805px\" \/><\/a><\/td>\n<\/tr>\n<tr>\n<td style=\"width: 33.3333%;\"><\/td>\n<td style=\"width: 33.3333%;\"><\/td>\n<td style=\"width: 33.3333%;\"><\/td>\n<\/tr>\n<tr>\n<td style=\"width: 33.3333%;\"><\/td>\n<td style=\"width: 33.3333%;\"><\/td>\n<td style=\"width: 33.3333%;\"><\/td>\n<\/tr>\n<\/tbody>\n<\/table>\n","protected":false},"excerpt":{"rendered":"<p>Liebe Linedance Freunde &#8211; und jene, die es werden m\u00f6chten Unser Linedance Verein Wittenbach wird 10 Jahre alt. Was 2015 bei &#8222;Wittenbach bewegt&#8220; entstand, fand bei der Bev\u00f6lkerung grossen Anklang und verlangte nach MEHR! So setzten sich Ursi Staub und Brigitte Gemperle zusammen und gr\u00fcndeten den Verein Linedance Wittenbach. Was spontan begann, hat sich zu [&hellip;]<\/p>\n","protected":false},"author":3,"featured_media":0,"parent":0,"menu_order":0,"comment_status":"closed","ping_status":"closed","template":"","meta":{"footnotes":""},"class_list":["post-3230","page","type-page","status-publish","hentry","gallery-content-unit"],"_links":{"self":[{"href":"https:\/\/linedance-wittenbach.ch\/web\/wp-json\/wp\/v2\/pages\/3230","targetHints":{"allow":["GET"]}}],"collection":[{"href":"https:\/\/linedance-wittenbach.ch\/web\/wp-json\/wp\/v2\/pages"}],"about":[{"href":"https:\/\/linedance-wittenbach.ch\/web\/wp-json\/wp\/v2\/types\/page"}],"author":[{"embeddable":true,"href":"https:\/\/linedance-wittenbach.ch\/web\/wp-json\/wp\/v2\/users\/3"}],"replies":[{"embeddable":true,"href":"https:\/\/linedance-wittenbach.ch\/web\/wp-json\/wp\/v2\/comments?post=3230"}],"version-history":[{"count":6,"href":"https:\/\/linedance-wittenbach.ch\/web\/wp-json\/wp\/v2\/pages\/3230\/revisions"}],"predecessor-version":[{"id":3295,"href":"https:\/\/linedance-wittenbach.ch\/web\/wp-json\/wp\/v2\/pages\/3230\/revisions\/3295"}],"wp:attachment":[{"href":"https:\/\/linedance-wittenbach.ch\/web\/wp-json\/wp\/v2\/media?parent=3230"}],"curies":[{"name":"wp","href":"https:\/\/api.w.org\/{rel}","templated":true}]}}