{"id":253,"date":"2016-02-28T10:22:00","date_gmt":"2016-02-28T09:22:00","guid":{"rendered":"http:\/\/linedance-wittenbach.ch\/web\/?page_id=253"},"modified":"2026-04-17T07:15:50","modified_gmt":"2026-04-17T05:15:50","slug":"tanzliste-old","status":"publish","type":"page","link":"https:\/\/linedance-wittenbach.ch\/web\/tanzliste-old\/","title":{"rendered":"Tanzliste ohne Verlinkung"},"content":{"rendered":"<h4 style=\"text-align: left;\"><span style=\"color: #000000;\">\u00a0<strong>Tanz \/ Song \/ Artist \/ Jahr<\/strong><\/span><\/h4>\n<h5 style=\"text-align: left;\"><span style=\"color: #000000;\"><strong>Die Tanzschritte k\u00f6nnen auf www.youtube.com aufgerufen werden.<br \/>\nF\u00fcr Mitglieder: <a href=\"https:\/\/linedance-wittenbach.ch\/web\/unsere-tanzliste\/\"><span style=\"text-decoration: underline;\">Tanzliste<\/span><\/a> zum live \u00fcben \u00a0;-))<\/strong><\/span><\/h5>\n<ol>\n<li style=\"list-style-type: none;\">\n<ol>\n<li>Ah Si \/ Levantando Las Manos \/ el Simbolo<\/li>\n<li>Alligator Rock \/ See you later Alligator \/ Bill Haley + The Comet<br \/>\nAlligator Rock \/ See you later Alligator \/ Johnny Earle<\/li>\n<li>Ayer la Vi \/ Ayer la Vi \/ Juan Magan \/ November 2016<\/li>\n<li>Black Coffee \/ A Star \/ DJ \u00d6tzi<br \/>\nBlack Coffee \/ Black Coffee \/ Lacy J. Dalton<br \/>\nBlack Coffee \/ Ein Stern \/ DJ \u00d6tzi<br \/>\nBlack Coffee \/ She Bangs \/ Ricky Martin<br \/>\nBlack Coffee \/ Spirit of the HAWK \/ Rednex<\/li>\n<li>Canadian Stomp \/ Any man of mine \/ Shania Twain<br \/>\nCanadian Stomp \/ Honey, I&#8217;m home \/ Shania Twain<\/li>\n<li>Cheyenne \/ Does fort worth ever \/ George Striat<br \/>\nCheyenne \/ If I said you have \/ Bellamy Brothers<br \/>\nCheyenne \/ I feel I lucky \/ Mary C. Carpenter<\/li>\n<li>Chica Boom Boom \/ Boom Boom goes my heart \/ Alex Swings Oscar Sings<\/li>\n<li>Coastin&#8216; \/ Lord of the Dance \/ Ronan Hardman<\/li>\n<li>Come dance withe me \/ Come dance with me \/ Nancy Hays<\/li>\n<li>Country as can be \/ Country as a boy can be \/ Brady Seals<\/li>\n<li>Country Walkin&#8216; \/ Old Pop in an Oak \/ Rednex<br \/>\nCountry Walkin&#8216; \/ Walkin&#8216; the Country \/ The Ranch<\/li>\n<li>Cumbia Semana \/ Fin de Semana \/ Fito Olivares<\/li>\n<li>Electric Slide \/ Achy Break Heart \/ Billy Ray Lyrus<br \/>\nElectric Slide \/ I like it, I love it \/ Tim Mc Graw<br \/>\nElectric Slide \/ Tall, tall trees \/ Alan Jackson<\/li>\n<li>Good Time \/ Good Time \/ Alan Jackson<\/li>\n<li>Highway \/ Highway \/ Tinka Belle \/ Dezember 2016<\/li>\n<li>(In the) Line of Fire \/ Setting The Woods on Fire \/ The Tractors<\/li>\n<li>Listen to the Man \/ Listen to the Man \/ George Ezra<\/li>\n<li>Magic Moon \/ Mr. Man in the Moon \/ Lorett Cooper<\/li>\n<li>Mamma Maria \/ Mamma Maria \/ Ricci E Poveri<\/li>\n<li>My First Steps \/ I should have watched that first step \/ unbekannt<\/li>\n<li>My Pretty Belinda \/ Pretty Belinda \/ Dr. Victor+The Rasta<\/li>\n<li>Pizziricco \/ Pizziricco \/ The Mavericks \/ April 2017<\/li>\n<li>Rio \/ Angelina \/ Lou Bega<br \/>\nRio \/ I don&#8217;t know what she said \/ Blaine Larsen<br \/>\nRio \/ Mestizzio \/ Patricia<\/li>\n<li>Rockin \/ Rockin&#8216; Pneumonia \/ Ronnie Mc Dowell<br \/>\nRockin \/ Some Beach \/ Blake Shelton<\/li>\n<li>Shout Shout \/ Shout Shout (Knock yourself out ) Rocky Sharpe + The Replays<\/li>\n<li>Snake \/ 1000 Miles \/ Dwight Yoakam<\/li>\n<li>Stroll Along Cha \/ I just want do dance with you \/ George Strait<br \/>\nStroll Along Cha \/ Sway \/ Michael Buble<\/li>\n<li>Sweet Liza \/ Sweet Little Liza \/ Mayor Dundee Band \/ April 2017<\/li>\n<li>Tango with the Sheriff \/ Cha Tango \/ Dave Sheriff<\/li>\n<li>The Galway Gathering \/ Games People Play \/ Nathan Carter<\/li>\n<li>The Wanderer \/ The Wanderer \/ Eddie Rabitt<\/li>\n<li>Triangle \/ Tra le la le la Triangle \/ Patsy Clyne \/ November 2016<\/li>\n<li>We do care \/ They don&#8217;t care about \/ Michel Jackson ( Salsa Version) \/ Januar 2017<\/li>\n<li>Where I belong \/ That&#8217;s where I belong \/ Alan Jackson<\/li>\n<li>Ghost Train \/\u00a0Zorba\u2019s Dance \/ Juni 2017<\/li>\n<li>Love Trick \/\u00a0What\u2019s Not To Love \/ Trick Pony \/ August 2017<\/li>\n<li>Mr. Dee Jay \/ Having A Party \/ Sam Cooke \/ September 2017<\/li>\n<li>Dini Seel \u00e4chli la bamb\u00e4la la \/ feat S\u00e4ngerfreunde Partyhelden \/\u00a0Dini Seel \u00e4chli la bamb\u00e4la la \/ September 2017<\/li>\n<li>Gin and Tonic \/ Love Drunk \/ LoCash Cowboys \/ November 2017<\/li>\n<li>Mediterraneams Tirol \/ Cowboy Jodel \/ Cliona Hagan \/ November 2017<\/li>\n<li>Winnebago \/ Winnebago \/ Kenny Chesney \/ November 2017<\/li>\n<li>Crash And Burn \/ Crash And Burn \/ Thomas Rett \/ Dezember 2017<\/li>\n<li>Old And Grey \/ Old And Grey \/ Derek Ryan \/ Januar 2018<\/li>\n<li>Bread And Butter \/ Shortnin Bread \/ The Tractors \/ Januar 2018<\/li>\n<li>Footloose \/ Footloose \/\u00a0Blake Shelton \/ Februar 2018<\/li>\n<li>Homage Polo Hofer \/ Alpenrose \/ Polo Hofer \/ M\u00e4rz 2018<\/li>\n<li>Gypsy Queen \/ Gypsy Queen \/ Chriss Norman \/ April 2018<\/li>\n<li>The Trail \/ Trail of Tears \/ Billy Ray Cyrus \/ Juni 2018<\/li>\n<li>Lightning Polka \/ Sin Wagon \/ Dixie Chicks \/Juni 2018<\/li>\n<li>Lonely Drum \/ Lonely Drum \/ Aaron Goodvin \/ Juni 2018<\/li>\n<li>This World Today \/ This World Today \/ Donna Highpower \/ Juni 2018<\/li>\n<li>Celebration \/ Celebration \/ Kool and the Gang \/ Juli 2018<\/li>\n<li>California Rain \/ It Never Rains in Southern California \/ Albert Hammond \/ August 2018<\/li>\n<li>Lord Help Me \/ Lord Help Me \/ Bellamy Brothers \/ August 2018<\/li>\n<li>Whiskey Bridges \/ Whiskey Under The Bridge \/ Brooks &amp; Dunn \/ September 2018<\/li>\n<li>Tush Push \/ I Need A Break \/ Noah Gordon \/ Oktober 2018<\/li>\n<li>All Katchi All Night Love \/ Katchi \/ Ofenbach &amp; Nick Waterhouse \/ 2019<\/li>\n<li>Down On Your Uppers \/\u00a0Down On Your Uppers \/ Derek Ryan \/ 2019<\/li>\n<li>Stilbaai Charleston \/ Swing City \/ Technoband \/ 2019<\/li>\n<li>Something In The Water \/ Something In The Water \/ Brooke Fraser \/ 2019<\/li>\n<li>Bring Down the House \/ Bring Down the House \/ Dean Brody \/ 2019<\/li>\n<li>Keep It Simple \/ Keep It Simple \/ James Barker Band \/ 2019<\/li>\n<li>Rivers of Babylon \/ Rivers of Babylon \/ Boney M \/ 2019<\/li>\n<li>Psycho \/ Psycho \/ Ava Max \/ 2019<\/li>\n<li>Golden Wedding \/ Golden Wedding Ring \/ Terri Clark \/ 2019<\/li>\n<li>Chill Factor \/ Last Night \/ Chris Anderson u Dj Robbie \/ 2019<\/li>\n<li>Off The Beaten Track \u2013 Derek Ryan \/ 2020<\/li>\n<li>American Kids \/ American Kids \/ Kenny Chesney \/ 2020<\/li>\n<li>Beautiful Day \/ Beautiful Day \/ Dave Sheriff \/ 2020<\/li>\n<li>Sennesinger \/ Sennesinger \/ Trauffer \/ steht noch aus&#8230;<\/li>\n<li>Jerusalema \/ Jerusalema \/ feat. Nomcebo Zikode \/ 2020<\/li>\n<li>Happy Happy Happy \/ Soggy Bottom Summer \/ Dean Brody \/ 2020<\/li>\n<li>Jamaica Me Cha Cha \/ Almost Jamaica \/ The Bellamy Brothers \/ 2021<\/li>\n<li>Our Little Cottage\u00a0 \/\u00a0 Our Little Cottage\u00a0 \/\u00a0 Rochus Rocky Hobi\u00a0 \/\u00a0 2021<\/li>\n<li>Nothing But You\u00a0 \/\u00a0 Nothing But You\u00a0 \/\u00a0 Leaving Austin\u00a0 \/\u00a0 2021<\/li>\n<li>A Man Is in Love (2008 Remaster) \/ The Waterboys \/ 2022<\/li>\n<li>Bonaparte&#8217;s Retreat \/ Glen Campbell \/ 2022<\/li>\n<li>Codigo \/ Codigo \/ Georg Strait \/ 2022<\/li>\n<li>Midnight Waltz &#8211; Their Hearts Are Dancing \/ The Forester Sisters \/ 2022<\/li>\n<li>Train Wreck \/ Cant&#8217;t Let Go \/ Jill King \/ 2022<\/li>\n<li>Half Of Me \/ Half Of Me \/ Thomas Rhett \/ 2022<\/li>\n<li>Corn \/ Corn \/ Blake Shelton \/ 2023<\/li>\n<li>Where Oh Where \/ Where Oh Where \/ Kenny Blues Boss Wayne \/ 2023<\/li>\n<li>Ribbon Of Highway \/ Ribbon Of Highway \/ Scooter Lee \/ 2023<\/li>\n<li>Let&#8217;s Start Living Again \/ Let&#8217;s Start Living Again \/ Ronnie Beard \/ 2023<\/li>\n<li>Champage Promise \/\u00a0Champage Promise \/ David Nail \/ 2023<\/li>\n<li>Road House Rock \/ Used To Be A Country Town \/ Sons of Palamino \/ 2023<\/li>\n<li>Moses Roses Toeses \/ Soul \/ Lee Brice \/ 2023<\/li>\n<li>Stand by My \/ Stand by My \/ Ivan Jack Remix \/ 2023<\/li>\n<li>Cold Heart \/ Cold Heart \/ Elton John, Dua Lipa \/ 2023<\/li>\n<li>3 Tequila Floor \/ Josiah Siska \/ 2023<\/li>\n<li>All About A Woman \/ Don&#8217;t Ask Me About A Woman \/ Easton Corbin \/ 2023<\/li>\n<li>All You Need \/ All You Need in Love \/ Brad Paisley \/ 2018<\/li>\n<li>Best Of Us \/ Best Of Us \/ Wier \/ 2023<\/li>\n<li>I&#8217;m One My Way \/ Celtic Thunder \/ 2024<\/li>\n<li>Open Heart Cowboy \/ Little Yellow Blanket \/ Dean Brody \/ 2024<\/li>\n<li>Burn Out Cha \/ Burn Out Cha \/ Midland \/ 2024<\/li>\n<li>Storm and Store \/ Run \/ Storm and Store \/ 2024<\/li>\n<li>Doctor Doctor \/ Bad Case Of Loving You \/ Robert Palmer \/ 2024<\/li>\n<li>Texas Hold&#8216; Em \/ Texas Hold&#8216; Em \/ Beyonc\u00e9 \/ 2024<\/li>\n<li>Lucky Lips \/ Lucky Lips \/ The Conqueros \/ 2024<\/li>\n<li>Give Me Your Tempo \/ Give Me Your Tempo \/ Matteo Bocelli \/ 2024<\/li>\n<li>I Showed You The Door \/ I Showed You The Door \/ Teddy Swims \/ 2024<\/li>\n<li>Tippin&#8216; It Up \/ Tippin\u2019 it up to Nancy \/ Sean Magee \/ 2025<\/li>\n<li>Lindi Shuffle \/ I Need More Of You \/ The Bellamy Brothers \/ 2025\/<\/li>\n<li>Waltz Across Texas \/ Their Hearts Are Dancing \/ Forrester Sisters \/ 2025<\/li>\n<li>Reunited! \/ Undivided \/ Tim McGraw &amp; Tyler Hubbard \/ 2025<\/li>\n<li>Caribbean Pearl \/ The Black Pearl \/ Scotty \/ 2025<\/li>\n<li>A Bar Song \/ A Bar Song \/ Shaboozey \/ 2025<\/li>\n<li>The Last Shanty \/ The Last Shanty \/ Patrik Feeney \/ 2025<\/li>\n<li>Islands In The Stream \/ Islands In The Stream \/ Dolly Parton &amp; Kenny Rogers \/ 2025<\/li>\n<li>A Rattlesnake Kiss \/Aln&#8217;t In Kansas Anymore \/\u00a0 Miranda Lambert \/ 2025<\/li>\n<li>Fallin&#8216; In Love \/ Fallin&#8216; In Love \/ Post Malone \/ 2025<\/li>\n<li>A A \/ A A \/ Walker Hayes \/ 2025<\/li>\n<li>Castaways \/\u00a0Castaways \/ Milow &amp; Florence Arman \/ 2025<\/li>\n<li>Coffee Days and Whiskey Nights \/ Robynn Shayne \/ 2026<\/li>\n<li>1976 \/ 1976 \/ Alan Jackson \/ 2026<\/li>\n<li>Heel Toe Rodeo \/ Cowboy Up \/ Kaylee Bell \/ 2026<\/li>\n<li>Hoedown \/ Hoedown \/ Ink \/ 2026<\/li>\n<li>Double R \/ Trouble\u00a0\/ Erin Kinsey \/ 2026<\/li>\n<\/ol>\n<\/li>\n<\/ol>\n","protected":false},"excerpt":{"rendered":"<p>\u00a0Tanz \/ Song \/ Artist \/ Jahr Die Tanzschritte k\u00f6nnen auf www.youtube.com aufgerufen werden. F\u00fcr Mitglieder: Tanzliste zum live \u00fcben \u00a0;-)) Ah Si \/ Levantando Las Manos \/ el Simbolo Alligator Rock \/ See you later Alligator \/ Bill Haley + The Comet Alligator Rock \/ See you later Alligator \/ Johnny Earle Ayer la [&hellip;]<\/p>\n","protected":false},"author":2,"featured_media":0,"parent":0,"menu_order":0,"comment_status":"closed","ping_status":"closed","template":"","meta":{"footnotes":""},"class_list":["post-253","page","type-page","status-publish","hentry","gallery-content-unit"],"_links":{"self":[{"href":"https:\/\/linedance-wittenbach.ch\/web\/wp-json\/wp\/v2\/pages\/253","targetHints":{"allow":["GET"]}}],"collection":[{"href":"https:\/\/linedance-wittenbach.ch\/web\/wp-json\/wp\/v2\/pages"}],"about":[{"href":"https:\/\/linedance-wittenbach.ch\/web\/wp-json\/wp\/v2\/types\/page"}],"author":[{"embeddable":true,"href":"https:\/\/linedance-wittenbach.ch\/web\/wp-json\/wp\/v2\/users\/2"}],"replies":[{"embeddable":true,"href":"https:\/\/linedance-wittenbach.ch\/web\/wp-json\/wp\/v2\/comments?post=253"}],"version-history":[{"count":126,"href":"https:\/\/linedance-wittenbach.ch\/web\/wp-json\/wp\/v2\/pages\/253\/revisions"}],"predecessor-version":[{"id":3603,"href":"https:\/\/linedance-wittenbach.ch\/web\/wp-json\/wp\/v2\/pages\/253\/revisions\/3603"}],"wp:attachment":[{"href":"https:\/\/linedance-wittenbach.ch\/web\/wp-json\/wp\/v2\/media?parent=253"}],"curies":[{"name":"wp","href":"https:\/\/api.w.org\/{rel}","templated":true}]}}