{"id":15,"date":"2015-05-30T18:17:26","date_gmt":"2015-05-30T16:17:26","guid":{"rendered":"http:\/\/linedance-wittenbach.ch\/web\/?page_id=15"},"modified":"2025-06-27T12:07:19","modified_gmt":"2025-06-27T10:07:19","slug":"mitmachen","status":"publish","type":"page","link":"https:\/\/linedance-wittenbach.ch\/web\/mitmachen\/","title":{"rendered":"Mitmachen"},"content":{"rendered":"<p>Es freut uns, wenn Du bei uns mitmachen willst. Line Dance ist Unterhaltung und Bewegung f\u00fcr jung und alt.<\/p>\n<p>Du kannst Dich bei unserer Pr\u00e4sidentin <span style=\"text-decoration: underline;\"><strong><a title=\"sende Ursi ein eMail\" href=\"mailto:info@linedance-wittenbach.ch\">Ursi Staub<\/a><\/strong><\/span> melden oder einfach an einem Training vorbeischauen.<br \/>\nGanz wie Du m\u00f6chtest.<\/p>\n\n","protected":false},"excerpt":{"rendered":"<p>Es freut uns, wenn Du bei uns mitmachen willst. Line Dance ist Unterhaltung und Bewegung f\u00fcr jung und alt. Du kannst Dich bei unserer Pr\u00e4sidentin Ursi Staub melden oder einfach an einem Training vorbeischauen. Ganz wie Du m\u00f6chtest.<\/p>\n","protected":false},"author":1,"featured_media":0,"parent":0,"menu_order":0,"comment_status":"open","ping_status":"open","template":"","meta":{"footnotes":""},"class_list":["post-15","page","type-page","status-publish","hentry","gallery-content-unit"],"_links":{"self":[{"href":"https:\/\/linedance-wittenbach.ch\/web\/wp-json\/wp\/v2\/pages\/15","targetHints":{"allow":["GET"]}}],"collection":[{"href":"https:\/\/linedance-wittenbach.ch\/web\/wp-json\/wp\/v2\/pages"}],"about":[{"href":"https:\/\/linedance-wittenbach.ch\/web\/wp-json\/wp\/v2\/types\/page"}],"author":[{"embeddable":true,"href":"https:\/\/linedance-wittenbach.ch\/web\/wp-json\/wp\/v2\/users\/1"}],"replies":[{"embeddable":true,"href":"https:\/\/linedance-wittenbach.ch\/web\/wp-json\/wp\/v2\/comments?post=15"}],"version-history":[{"count":8,"href":"https:\/\/linedance-wittenbach.ch\/web\/wp-json\/wp\/v2\/pages\/15\/revisions"}],"predecessor-version":[{"id":3399,"href":"https:\/\/linedance-wittenbach.ch\/web\/wp-json\/wp\/v2\/pages\/15\/revisions\/3399"}],"wp:attachment":[{"href":"https:\/\/linedance-wittenbach.ch\/web\/wp-json\/wp\/v2\/media?parent=15"}],"curies":[{"name":"wp","href":"https:\/\/api.w.org\/{rel}","templated":true}]}}