{"id":13,"date":"2015-05-30T18:17:09","date_gmt":"2015-05-30T16:17:09","guid":{"rendered":"http:\/\/linedance-wittenbach.ch\/web\/?page_id=13"},"modified":"2015-06-02T19:23:03","modified_gmt":"2015-06-02T17:23:03","slug":"impressum","status":"publish","type":"page","link":"https:\/\/linedance-wittenbach.ch\/web\/impressum\/","title":{"rendered":"Impressum"},"content":{"rendered":"<p>Diese Website wird pr\u00e4sentiert von<\/p>\n<p>Line Dance Wittenbach<br \/>\nCH-9300 Wittenbach<br \/>\n<a href=\"http:\/\/linedance-wittenbach.ch\/web\/kontakt\/\">info@linedance-wittenbach.ch<\/a><\/p>\n<p>Der Inhalt dieser Website wird regelm\u00e4ssig auf Korrektheit und Funktionalit\u00e4t \u00fcberpr\u00fcft. Dennoch ist es m\u00f6glich, dass auf linedance-wittenbach.ch publizierte Links oder Informationen nicht mehr aktuell sind und entsprechend nicht zum gew\u00fcnschten Ziel f\u00fchren. Wir \u00fcbernehmen keinerlei Verantwortung f\u00fcr Seiteninhalte im Internet, die via Weblinks, Newsfeeds oder \u00c4hnliches \u00fcber unsere Seiten aufgerufen werden k\u00f6nnen.<\/p>\n<p>Herausgeber:<br \/>\nLine Dance Wittenbach | CH-9300 Wittenbach<\/p>\n<p>Logo Design:<br \/>\nRebecca Rutz | Wittenbach<\/p>\n<p>Hintergrundbild:<br \/>\n<a href=\"http:\/\/www.landscapehdwalls.com\/\" target=\"_blank\">Landscapehdwalls.com<\/a><\/p>\n<p>Realisierung und Hosting:<br \/>\n<a href=\"https:\/\/silent-effect.ch\/\" target=\"_blank\">Silent Effect AG<\/a> | Bauholzstrasse 6 | CH-9301 Wittenbach<\/p>\n<p>&nbsp;<\/p>\n","protected":false},"excerpt":{"rendered":"<p>Diese Website wird pr\u00e4sentiert von Line Dance Wittenbach CH-9300 Wittenbach info@linedance-wittenbach.ch Der Inhalt dieser Website wird regelm\u00e4ssig auf Korrektheit und Funktionalit\u00e4t \u00fcberpr\u00fcft. Dennoch ist es m\u00f6glich, dass auf linedance-wittenbach.ch publizierte Links oder Informationen nicht mehr aktuell sind und entsprechend nicht zum gew\u00fcnschten Ziel f\u00fchren. Wir \u00fcbernehmen keinerlei Verantwortung f\u00fcr Seiteninhalte im Internet, die via Weblinks, [&hellip;]<\/p>\n","protected":false},"author":1,"featured_media":0,"parent":0,"menu_order":0,"comment_status":"open","ping_status":"open","template":"","meta":{"footnotes":""},"class_list":["post-13","page","type-page","status-publish","hentry","gallery-content-unit"],"_links":{"self":[{"href":"https:\/\/linedance-wittenbach.ch\/web\/wp-json\/wp\/v2\/pages\/13","targetHints":{"allow":["GET"]}}],"collection":[{"href":"https:\/\/linedance-wittenbach.ch\/web\/wp-json\/wp\/v2\/pages"}],"about":[{"href":"https:\/\/linedance-wittenbach.ch\/web\/wp-json\/wp\/v2\/types\/page"}],"author":[{"embeddable":true,"href":"https:\/\/linedance-wittenbach.ch\/web\/wp-json\/wp\/v2\/users\/1"}],"replies":[{"embeddable":true,"href":"https:\/\/linedance-wittenbach.ch\/web\/wp-json\/wp\/v2\/comments?post=13"}],"version-history":[{"count":12,"href":"https:\/\/linedance-wittenbach.ch\/web\/wp-json\/wp\/v2\/pages\/13\/revisions"}],"predecessor-version":[{"id":122,"href":"https:\/\/linedance-wittenbach.ch\/web\/wp-json\/wp\/v2\/pages\/13\/revisions\/122"}],"wp:attachment":[{"href":"https:\/\/linedance-wittenbach.ch\/web\/wp-json\/wp\/v2\/media?parent=13"}],"curies":[{"name":"wp","href":"https:\/\/api.w.org\/{rel}","templated":true}]}}